{"id":3457,"date":"2023-08-06T02:23:25","date_gmt":"2023-08-06T02:23:25","guid":{"rendered":"https:\/\/advcommunication.ro\/?page_id=3457"},"modified":"2023-09-21T11:21:19","modified_gmt":"2023-09-21T11:21:19","slug":"il-fondatore","status":"publish","type":"page","link":"https:\/\/advcommunication.ro\/it\/il-fondatore\/","title":{"rendered":"Il Fondatore"},"content":{"rendered":"\n<style type=\"text\/css\" data-created_by=\"avia_inline_auto\" id=\"style-css-av-ljo5fc87-1fbac3a55c4f2b375a34a99fe4f74d7d\">\n#top .avia-section.av-ljo5fc87-1fbac3a55c4f2b375a34a99fe4f74d7d .scroll-down-link{\ncolor:#ffffff;\n}\n<\/style>\n<div id='av_section_1'  class='avia-section av-ljo5fc87-1fbac3a55c4f2b375a34a99fe4f74d7d main_color avia-section-default avia-no-border-styling  avia-builder-el-0  el_before_av_section  avia-builder-el-first  av-small-hide av-mini-hide avia-bg-style-scroll av-minimum-height av-minimum-height-custom av-height-custom  av-section-with-video-bg container_wrap fullsize'   data-av_minimum_height_px='600' data-section-video-ratio='16:9'><div  class='avia-slideshow av_slideshow_obj-1-69e5fee085ec9 avia-slideshow-featured av_slideshow avia-slide-slider av-slideshow-ui av-control-default av-slideshow-manual av-loop-once av-loop-manual-endless av-default-height-applied  av-section-video-bg avia-slideshow-1' data-slideshow-options=\"{&quot;animation&quot;:&quot;slide&quot;,&quot;autoplay&quot;:false,&quot;loop_autoplay&quot;:&quot;once&quot;,&quot;interval&quot;:5,&quot;loop_manual&quot;:&quot;manual-endless&quot;,&quot;autoplay_stopper&quot;:false,&quot;noNavigation&quot;:false,&quot;bg_slider&quot;:false,&quot;keep_padding&quot;:false,&quot;hoverpause&quot;:false,&quot;show_slide_delay&quot;:0}\"  itemprop=\"image\" itemscope=\"itemscope\" itemtype=\"https:\/\/schema.org\/ImageObject\" ><ul class='avia-slideshow-inner ' style='padding-bottom: 28.666666666667%;'><li  data-controls='disabled' data-mute='aviaTBaviaTBvideo_mute' data-loop='1' data-disable-autoplay=''  data-video-ratio='1.7777777777778' class='avia-slideshow-slide av_slideshow_obj-1-69e5fee085ec9__0  av-video-slide  av-video-service-html5  av-hide-video-controls av-mute-video av-loop-video  av-single-slide slide-1 slide-odd'><div data-rel='slideshow-1' class='avia-slide-wrap '    itemprop=\"video\" itemtype=\"https:\/\/schema.org\/VideoObject\" ><div class='av-click-overlay'><\/div><video class='avia_video'  autoplay playsinline loop preload=\"metadata\" muted  id='player_3457_1901014124_2104890021'><source src=\"https:\/\/advcommunication.ro\/wp-content\/uploads\/2023\/07\/Video-il-Fondatore-1.mp4\" type=\"video\/mp4\" \/><\/video><div class=\"av-click-to-play-overlay\"><div class=\"avia_playpause_icon\"><\/div><\/div><\/div><\/li><\/ul><\/div><div class=\"av-section-color-overlay-wrap\"><a href='#next-section' title='' class='scroll-down-link av-custom-scroll-down-color' aria-hidden='true' data-av_icon='\ue877' data-av_iconfont='entypo-fontello'><\/a><div class='container av-section-cont-open' style='height:600px'><main  role=\"main\" itemprop=\"mainContentOfPage\"  class='template-page content  av-content-full alpha units'><div class='post-entry post-entry-type-page post-entry-3457'><div class='entry-content-wrapper clearfix'>\n<\/div><\/div><\/main><!-- close content main element --><\/div><\/div><\/div>\n<style type=\"text\/css\" data-created_by=\"avia_inline_auto\" id=\"style-css-av-lmt31bcv-9f98c282c864f64eb4fcdb73554d2157\">\n#top .avia-section.av-lmt31bcv-9f98c282c864f64eb4fcdb73554d2157 .scroll-down-link{\ncolor:#ffffff;\n}\n<\/style>\n<div id='av_section_2'  class='avia-section av-lmt31bcv-9f98c282c864f64eb4fcdb73554d2157 main_color avia-section-default avia-no-border-styling  avia-builder-el-1  el_after_av_section  el_before_av_section  av-desktop-hide av-medium-hide avia-bg-style-scroll av-minimum-height av-minimum-height-75 av-height-75  av-section-with-video-bg container_wrap fullsize'   data-av_minimum_height_pc='75' data-av_min_height_opt='75' data-section-video-ratio='4:3'><div  class='avia-slideshow av_slideshow_obj-2-69e5fee389734 avia-slideshow-featured av_slideshow avia-slide-slider av-slideshow-ui av-control-default av-slideshow-manual av-loop-once av-loop-manual-endless av-default-height-applied  av-section-video-bg avia-slideshow-2' data-slideshow-options=\"{&quot;animation&quot;:&quot;slide&quot;,&quot;autoplay&quot;:false,&quot;loop_autoplay&quot;:&quot;once&quot;,&quot;interval&quot;:5,&quot;loop_manual&quot;:&quot;manual-endless&quot;,&quot;autoplay_stopper&quot;:false,&quot;noNavigation&quot;:false,&quot;bg_slider&quot;:false,&quot;keep_padding&quot;:false,&quot;hoverpause&quot;:false,&quot;show_slide_delay&quot;:0}\"  itemprop=\"image\" itemscope=\"itemscope\" itemtype=\"https:\/\/schema.org\/ImageObject\" ><ul class='avia-slideshow-inner ' style='padding-bottom: 28.666666666667%;'><li  data-controls='disabled' data-mute='aviaTBaviaTBvideo_mute' data-loop='1' data-disable-autoplay=''  data-video-ratio='1.3333333333333' class='avia-slideshow-slide av_slideshow_obj-2-69e5fee389734__0  av-video-slide  av-video-service-html5  av-hide-video-controls av-mute-video av-loop-video  av-single-slide slide-1 slide-odd'><div data-rel='slideshow-2' class='avia-slide-wrap '    itemprop=\"video\" itemtype=\"https:\/\/schema.org\/VideoObject\" ><div class='av-click-overlay'><\/div><video class='avia_video'  autoplay playsinline loop preload=\"metadata\" muted  id='player_3457_1403973083_1335723144'><source src=\"https:\/\/advcommunication.ro\/wp-content\/uploads\/2023\/09\/WeAreAdv-mobile-video-founder.mp4\" type=\"video\/mp4\" \/><\/video><div class=\"av-click-to-play-overlay\"><div class=\"avia_playpause_icon\"><\/div><\/div><\/div><\/li><\/ul><\/div><div class=\"av-section-color-overlay-wrap\"><a href='#next-section' title='' class='scroll-down-link av-custom-scroll-down-color' aria-hidden='true' data-av_icon='\ue877' data-av_iconfont='entypo-fontello'><\/a><div class='container av-section-cont-open' ><div class='template-page content  av-content-full alpha units'><div class='post-entry post-entry-type-page post-entry-3457'><div class='entry-content-wrapper clearfix'>\n<\/div><\/div><\/div><!-- close content main div --><\/div><\/div><\/div>\n<style type=\"text\/css\" data-created_by=\"avia_inline_auto\" id=\"style-css-av-4wfsp4-f772352a8a64a85b1e3db7443778f503\">\n.avia-section.av-4wfsp4-f772352a8a64a85b1e3db7443778f503{\nbackground-color:#0c0200;\nbackground-image:unset;\n}\n<\/style>\n<div id='av_section_3'  class='avia-section av-4wfsp4-f772352a8a64a85b1e3db7443778f503 main_color avia-section-large avia-no-border-styling  avia-builder-el-2  el_after_av_section  el_before_av_one_full  avia-bg-style-scroll container_wrap fullsize'  ><div class='container av-section-cont-open' ><div class='template-page content  av-content-full alpha units'><div class='post-entry post-entry-type-page post-entry-3457'><div class='entry-content-wrapper clearfix'>\n\n<style type=\"text\/css\" data-created_by=\"avia_inline_auto\" id=\"style-css-av-4l7r68-6451dbea1612baead42417dc57e216fa\">\n.flex_column.av-4l7r68-6451dbea1612baead42417dc57e216fa{\nbackground-color:#0c0200;\n}\n<\/style>\n<div  class='flex_column av-4l7r68-6451dbea1612baead42417dc57e216fa av_one_half  avia-builder-el-3  el_before_av_one_half  avia-builder-el-first  first flex_column_div  '     ><p>\n<style type=\"text\/css\" data-created_by=\"avia_inline_auto\" id=\"style-css-av-ljo5wa1r-a333bf60314eeea312ad087a59d966a0\">\n#top .av-special-heading.av-ljo5wa1r-a333bf60314eeea312ad087a59d966a0{\npadding-bottom:10px;\ncolor:#ffffff;\n}\nbody .av-special-heading.av-ljo5wa1r-a333bf60314eeea312ad087a59d966a0 .av-special-heading-tag .heading-char{\nfont-size:25px;\n}\n.av-special-heading.av-ljo5wa1r-a333bf60314eeea312ad087a59d966a0 .special-heading-inner-border{\nborder-color:#ffffff;\n}\n.av-special-heading.av-ljo5wa1r-a333bf60314eeea312ad087a59d966a0 .av-subheading{\nfont-size:15px;\n}\n<\/style>\n<div  class='av-special-heading av-ljo5wa1r-a333bf60314eeea312ad087a59d966a0 av-special-heading-h1 custom-color-heading blockquote modern-quote  avia-builder-el-4  el_before_av_hr  avia-builder-el-first '><h1 class='av-special-heading-tag'  itemprop=\"headline\"  >Il Fondatore<\/h1><div class=\"special-heading-border\"><div class=\"special-heading-inner-border\"><\/div><\/div><\/div><br \/>\n\n<style type=\"text\/css\" data-created_by=\"avia_inline_auto\" id=\"style-css-av-ljo5yqqb-cf21b2f1f414b053b9bc8cd61f4f0def\">\n#top .hr.hr-invisible.av-ljo5yqqb-cf21b2f1f414b053b9bc8cd61f4f0def{\nheight:30px;\n}\n<\/style>\n<div  class='hr av-ljo5yqqb-cf21b2f1f414b053b9bc8cd61f4f0def hr-invisible  avia-builder-el-5  el_after_av_heading  el_before_av_textblock '><span class='hr-inner '><span class=\"hr-inner-style\"><\/span><\/span><\/div><br \/>\n\n<style type=\"text\/css\" data-created_by=\"avia_inline_auto\" id=\"style-css-av-472aw8-cce5cba15e3df3941f28db7aa1ae1b43\">\n#top .av_textblock_section.av-472aw8-cce5cba15e3df3941f28db7aa1ae1b43 .avia_textblock{\nfont-size:16px;\ncolor:#ffffff;\ntext-align:justify;\n}\n<\/style>\n<section  class='av_textblock_section av-472aw8-cce5cba15e3df3941f28db7aa1ae1b43 '   itemscope=\"itemscope\" itemtype=\"https:\/\/schema.org\/CreativeWork\" ><div class='avia_textblock av_inherit_color'  itemprop=\"text\" ><p class=\"p1\">Giulio Bertola ha fondato l\u2019 ADV Communication nel 2001.<\/p>\n<p class=\"p1\">Un\u2019azienda che interpreta al meglio il concetto di impresa valoriale, grazie anche ai risultati sempre positivi di bilancio, per oltre due decenni e al mantenimento della stessa propriet\u00e0 fino ad oggi.<\/p>\n<p>Un esempio di progettualit\u00e0 imprenditoriale vincente, etica, non speculativa, che ha saputo affrontare i significativi cambiamenti della Romania disponendo di una non comune capacit\u00e0 manageriale che gli ha permesso il superamento delle grandi ed improvvise criticit\u00e0 ventennali, peraltro anche tipiche di un Paese emergente, senza per\u00f2 impattare negativamente sulla forza occupazionale o su fornitori terzi, preservando quindi come priorit\u00e0 assoluta il capitale umano ma anche il cliente e le sue esigenze.<\/p>\n<p>Il suo nome \u00e8 associato all\u2019internazionalizzazione di importanti multinazionali italiane in Romania negli ultimi 18 anni, nei settori dell\u2019Energia, dei Trasporti, Automotive, Industria e della Sanit\u00e0, oltre che ai principali grandi eventi di valorizzazione del made in Italy nel Paese. In ambito confindustriale ricopre la carica di fondatore e attuale Presidente di Confindustria Romania, oltre alla Vicepresidenza vicaria di Confindustria Est Europa\u00a0 con delega alla Sanit\u00e0 e alla Filiera industriale della Salute.<\/p>\n<\/div><\/section><\/p><\/div><div  class='flex_column av-97hzk-2bf4d793c3e5ab3dddc646d726afaf74 av_one_half  avia-builder-el-7  el_after_av_one_half  avia-builder-el-last  flex_column_div  '     ><p>\n<style type=\"text\/css\" data-created_by=\"avia_inline_auto\" id=\"style-css-av-lk2lq6jn-5fafa50da6c7f39a894ef3c747451659\">\n#top .hr.hr-invisible.av-lk2lq6jn-5fafa50da6c7f39a894ef3c747451659{\nheight:75px;\n}\n<\/style>\n<div  class='hr av-lk2lq6jn-5fafa50da6c7f39a894ef3c747451659 hr-invisible  avia-builder-el-8  el_before_av_image  avia-builder-el-first '><span class='hr-inner '><span class=\"hr-inner-style\"><\/span><\/span><\/div><br \/>\n\n<style type=\"text\/css\" data-created_by=\"avia_inline_auto\" id=\"style-css-av-lk2ln10c-9875c13e9017fd5003c4c587efca03be\">\n.avia-image-container.av-lk2ln10c-9875c13e9017fd5003c4c587efca03be img.avia_image{\nbox-shadow:none;\n}\n.avia-image-container.av-lk2ln10c-9875c13e9017fd5003c4c587efca03be .av-image-caption-overlay-center{\ncolor:#ffffff;\n}\n<\/style>\n<div  class='avia-image-container av-lk2ln10c-9875c13e9017fd5003c4c587efca03be av-styling- avia-align-center  avia-builder-el-9  el_after_av_hr  avia-builder-el-last '   itemprop=\"image\" itemscope=\"itemscope\" itemtype=\"https:\/\/schema.org\/ImageObject\" ><div class=\"avia-image-container-inner\"><div class=\"avia-image-overlay-wrap\"><img decoding=\"async\" class='wp-image-1077 avia-img-lazy-loading-not-1077 avia_image ' src=\"https:\/\/advcommunication.ro\/wp-content\/uploads\/2023\/07\/Il-fondatore-Giulio-Bertola-1.png\" alt='' title='Il fondatore Giulio Bertola'  height=\"560\" width=\"400\"  itemprop=\"thumbnailUrl\" srcset=\"https:\/\/advcommunication.ro\/wp-content\/uploads\/2023\/07\/Il-fondatore-Giulio-Bertola-1.png 400w, https:\/\/advcommunication.ro\/wp-content\/uploads\/2023\/07\/Il-fondatore-Giulio-Bertola-1-214x300.png 214w\" sizes=\"(max-width: 400px) 100vw, 400px\" \/><\/div><\/div><\/div><\/p><\/div>\n<\/div><\/div><\/div><!-- close content main div --><\/div><\/div><div id='after_section_3'  class='main_color av_default_container_wrap container_wrap fullsize'  ><div class='container av-section-cont-open' ><div class='template-page content  av-content-full alpha units'><div class='post-entry post-entry-type-page post-entry-3457'><div class='entry-content-wrapper clearfix'>\n\n<style type=\"text\/css\" data-created_by=\"avia_inline_auto\" id=\"style-css-av-6xxk9-f4660e95aec723fcfbcaaeb007d4f755\">\n.flex_column.av-6xxk9-f4660e95aec723fcfbcaaeb007d4f755{\nbackground-color:#ffffff;\n}\n<\/style>\n<div  class='flex_column av-6xxk9-f4660e95aec723fcfbcaaeb007d4f755 av_one_full  avia-builder-el-10  el_after_av_section  el_before_av_section  avia-builder-el-no-sibling  first flex_column_div  '     ><style type=\"text\/css\" data-created_by=\"avia_inline_auto\" id=\"style-css-av-lk2lob8h-4f4a831732f4407fe81354d91e2920fd\">\n#top .av_textblock_section.av-lk2lob8h-4f4a831732f4407fe81354d91e2920fd .avia_textblock{\nfont-size:16px;\ncolor:#0a0a0a;\ntext-align:justify;\n}\n<\/style>\n<section  class='av_textblock_section av-lk2lob8h-4f4a831732f4407fe81354d91e2920fd '   itemscope=\"itemscope\" itemtype=\"https:\/\/schema.org\/CreativeWork\" ><div class='avia_textblock av_inherit_color'  itemprop=\"text\" ><p>Bertola \u00e8 anche l\u2019unico imprenditore straniero che fa parte del Gruppo Tecnico Diaspora della Presidenza romena per la preparazione di un\u2019articolata progettualit\u00e0 finalizzata a favorire e incentivare il rientro dei romeni dall\u2019estero.<\/p>\n<p>Negli anni ha partecipato ad impegnative Campagne di Diplomazia pubblica, anche\u00a0 in momenti di particolare criticit\u00e0 per i rapporti italo-romeni. \u00c8 stato Vice Presidente della Camera di Commercio Italiana per la Romania (CCIpR) e, durante il suo mandato, ha contribuito personalmente al rinnovamento organizzativo di questa struttura.<\/p>\n<p>Alla presenza in Romania di Giulio Bertola sono riconducibili i principali Accordi strategici, tra il mondo associativo dei maggiori investimenti italiani nel Paese (Confindustria Romania) e le principali forze federative sindacali di lavoratori della Romania, come CNS Cartel Alfa (41 sigle sindacali), la Federazione Sanitas (oltre 100.000 iscritti del settore sanitario) e ProAGRO. In Italia, \u00e8 attualmente Consigliere di Amministratore nel Board di A.N.S.I. \u2013 Associazione Nazionale Sanit\u00e0 Integrativa (a cui fanno capo oltre 150 strutture mutualistiche italiane).<\/p>\n<\/div><\/section><\/div>\n<\/div><\/div><\/div><!-- close content main div --><\/div><\/div>\n<style type=\"text\/css\" data-created_by=\"avia_inline_auto\" id=\"style-css-av-d42y0-68902eda0ad878bc1ae241a92418a6a4\">\n.avia-section.av-d42y0-68902eda0ad878bc1ae241a92418a6a4{\nbackground-color:#cd2f39;\nbackground-image:url(https:\/\/advcommunication.ro\/wp-content\/uploads\/2023\/07\/Background-Form-4-1.jpg);\nbackground-repeat:no-repeat;\nbackground-position:50% 0%;\nbackground-attachment:fixed;\n}\n<\/style>\n<div id='av_section_4'  class='avia-section av-d42y0-68902eda0ad878bc1ae241a92418a6a4 main_color avia-section-default avia-no-border-styling  avia-builder-el-12  el_after_av_one_full  avia-builder-el-last  avia-bg-style-fixed container_wrap fullsize'  data-section-bg-repeat='no-repeat'><div class='container av-section-cont-open' ><div class='template-page content  av-content-full alpha units'><div class='post-entry post-entry-type-page post-entry-3457'><div class='entry-content-wrapper clearfix'>\n<div  class='flex_column av-1dbau8-1fa4f6b751db86369149a447035e4a58 av_one_fifth  avia-builder-el-13  el_before_av_three_fifth  avia-builder-el-first  first flex_column_div  '     ><\/div><div  class='flex_column av-19eb80-0a2bd976d49924ece82e674cfcf9103e av_three_fifth  avia-builder-el-14  el_after_av_one_fifth  el_before_av_one_fifth  flex_column_div  '     ><form action=\"https:\/\/advcommunication.ro\/it\/il-fondatore\/\" method=\"post\" data-fields-with-error=\"Sono stati riscontrati errori nei seguenti campi:\" class=\"avia_ajax_form av-form-labels-visible   avia-builder-el-15  avia-builder-el-no-sibling  av-centered-form  av-custom-form-color av-light-form \" data-avia-form-id=\"1\" data-avia-redirect='' ><h1 class=''>Contattaci per il tuo Progetto<\/h1><fieldset><p class='  first_form  form_element form_fullwidth' id='element_avia_1_1'><label for=\"avia_1_1\">Nome e Cognome <abbr class=\"required\" title=\"richiesto\">*<\/abbr><\/label> <input name=\"avia_1_1\" class=\"text_input is_empty\" type=\"text\" id=\"avia_1_1\" value=\"\" \/><\/p><p class='  first_form  form_element form_fullwidth' id='element_avia_2_1'><label for=\"avia_2_1\">E-Mail <abbr class=\"required\" title=\"richiesto\">*<\/abbr><\/label> <input name=\"avia_2_1\" class=\"text_input is_email\" type=\"text\" id=\"avia_2_1\" value=\"\" \/><\/p><p class='  first_form  form_element form_fullwidth' id='element_avia_3_1'><label for=\"avia_3_1\">Azienda <abbr class=\"required\" title=\"richiesto\">*<\/abbr><\/label> <input name=\"avia_3_1\" class=\"text_input is_empty\" type=\"text\" id=\"avia_3_1\" value=\"\" \/><\/p><p class='  first_form  form_element form_fullwidth av-last-visible-form-element' id='element_avia_4_1'><label for=\"avia_4_1\" class=\"textare_label hidden textare_label_avia_4_1\">Messaggio <abbr class=\"required\" title=\"richiesto\">*<\/abbr><\/label><textarea  name=\"avia_4_1\" class=\"text_area is_empty\" cols=\"40\" rows=\"7\" id=\"avia_4_1\" ><\/textarea><\/p><p class=\"hidden\"><input type=\"text\" name=\"avia_5_1\" class=\"hidden \" id=\"avia_5_1\" value=\"\" \/><\/p><p class=\"form_element \"><input type=\"hidden\" value=\"1\" name=\"avia_generated_form1\" \/><input type=\"submit\" value=\"Invio\" class=\"button\"  data-sending-label=\"Invio\"\/><\/p><\/fieldset><\/form><div id=\"ajaxresponse_1\" class=\"ajaxresponse ajaxresponse_1 hidden\"><\/div><\/div><div  class='flex_column av-8cp6w-496b7b65516bd0a24fa5d61a2331d80e av_one_fifth  avia-builder-el-16  el_after_av_three_fifth  avia-builder-el-last  flex_column_div  '     ><\/div>\n\n","protected":false},"excerpt":{"rendered":"","protected":false},"author":1,"featured_media":0,"parent":0,"menu_order":0,"comment_status":"open","ping_status":"closed","template":"","meta":{"iawp_total_views":130,"two_page_speed":[],"footnotes":""},"class_list":["post-3457","page","type-page","status-publish","hentry"],"_links":{"self":[{"href":"https:\/\/advcommunication.ro\/it\/wp-json\/wp\/v2\/pages\/3457"}],"collection":[{"href":"https:\/\/advcommunication.ro\/it\/wp-json\/wp\/v2\/pages"}],"about":[{"href":"https:\/\/advcommunication.ro\/it\/wp-json\/wp\/v2\/types\/page"}],"author":[{"embeddable":true,"href":"https:\/\/advcommunication.ro\/it\/wp-json\/wp\/v2\/users\/1"}],"replies":[{"embeddable":true,"href":"https:\/\/advcommunication.ro\/it\/wp-json\/wp\/v2\/comments?post=3457"}],"version-history":[{"count":3,"href":"https:\/\/advcommunication.ro\/it\/wp-json\/wp\/v2\/pages\/3457\/revisions"}],"predecessor-version":[{"id":4055,"href":"https:\/\/advcommunication.ro\/it\/wp-json\/wp\/v2\/pages\/3457\/revisions\/4055"}],"wp:attachment":[{"href":"https:\/\/advcommunication.ro\/it\/wp-json\/wp\/v2\/media?parent=3457"}],"curies":[{"name":"wp","href":"https:\/\/api.w.org\/{rel}","templated":true}]}}